{"id":308,"date":"2020-01-13T11:17:52","date_gmt":"2020-01-13T11:17:52","guid":{"rendered":"https:\/\/demosites.io\/web-agency-gb\/?page_id=5"},"modified":"2023-09-20T12:21:49","modified_gmt":"2023-09-20T12:21:49","slug":"sandstrahlen-dortmund-home","status":"publish","type":"page","link":"https:\/\/sandstrahltechnik-dortmund.de\/","title":{"rendered":"Sandstrahltechnik Dortmund"},"content":{"rendered":"\n<div class=\"wp-block-cover alignfull has-parallax\" style=\"min-height:898px\"><span aria-hidden=\"true\" class=\"wp-block-cover__background has-background-dim-0 has-background-dim\"><\/span><div role=\"img\" class=\"wp-block-cover__image-background wp-image-422 has-parallax\" style=\"background-position:50% 50%;background-image:url(https:\/\/sandstrahltechnik-dortmund.de\/wp-content\/uploads\/2023\/09\/Hintergrund_Flyer_2.png)\"><\/div><div class=\"wp-block-cover__inner-container is-layout-flow wp-block-cover-is-layout-flow\">\n<div style=\"height:80px\" aria-hidden=\"true\" class=\"wp-block-spacer\"><\/div>\n\n\n\n<h1 class=\"wp-block-heading has-text-align-center has-nv-site-bg-color has-text-color\">Bundesweite mobile Sandstrahltechnik und Beschichtung<\/h1>\n\n\n\n<p class=\"has-text-align-center has-nv-text-dark-bg-color has-text-color\" style=\"font-size:21px;font-style:normal;font-weight:800\">Profitieren Sie jetzt von unserem 72 Stunden Service! Innerhalb von 72 Stunden erhalten Sie mit unserem Bring und Abholservice Ihre Ware bis vor Ihre Haust\u00fcr fertig zur\u00fcck!<\/p>\n\n\n\n<div class=\"wp-block-buttons is-horizontal is-content-justification-center is-layout-flex wp-container-1 wp-block-buttons-is-layout-flex\">\n<div class=\"wp-block-button is-style-primary\"><a class=\"wp-block-button__link has-nv-dark-bg-color has-nv-site-bg-background-color has-text-color has-background wp-element-button\" href=\"https:\/\/sandstrahltechnik-dortmund.de\/?page_id=61\">\u00dcBER UNS<\/a><\/div>\n\n\n\n<div class=\"wp-block-button is-style-secondary\"><a class=\"wp-block-button__link has-nv-site-bg-color has-text-color wp-element-button\" href=\"https:\/\/sandstrahltechnik-dortmund.de\/?page_id=75\">KONTAKT<\/a><\/div>\n<\/div>\n\n\n\n<div style=\"height:80px\" aria-hidden=\"true\" class=\"wp-block-spacer\"><\/div>\n\n\n\n<div style=\"height:80px\" aria-hidden=\"true\" class=\"wp-block-spacer\"><\/div>\n\n\n\n<div style=\"height:80px\" aria-hidden=\"true\" class=\"wp-block-spacer\"><\/div>\n<\/div><\/div>\n\n\n\n<div style=\"height:100px\" aria-hidden=\"true\" class=\"wp-block-spacer\"><\/div>\n\n\n\n<div class=\"wp-block-columns are-vertically-aligned-top is-layout-flex wp-container-6 wp-block-columns-is-layout-flex\">\n<div class=\"wp-block-column is-vertically-aligned-top is-layout-flow wp-block-column-is-layout-flow\"><div class=\"wp-block-image icon-style is-style-rounded\">\n<figure class=\"aligncenter size-large\"><img decoding=\"async\" loading=\"lazy\" width=\"72\" height=\"72\" src=\"https:\/\/sandstrahltechnik-dortmund.de\/wp-content\/uploads\/2020\/01\/neve-webdesign-GB-03.png\" alt=\"\" class=\"wp-image-20\" title=\"\"\/><\/figure><\/div>\n\n\n<div style=\"height:20px\" aria-hidden=\"true\" class=\"wp-block-spacer\"><\/div>\n\n\n\n<h3 class=\"wp-block-heading has-text-align-center has-neve-text-color-color has-text-color\">Angebot innerhalb 24H<\/h3>\n\n\n\n<p class=\"has-text-align-center\">Sie erhalten nach einer kostenlosen Besichtigung vor Ort innerhalb von 24 Stunden garantiert von uns ein Angebot.<\/p>\n\n\n\n<div style=\"height:20px\" aria-hidden=\"true\" class=\"wp-block-spacer\"><\/div>\n<\/div>\n\n\n\n<div class=\"wp-block-column is-vertically-aligned-top is-layout-flow wp-block-column-is-layout-flow\"><div class=\"wp-block-image icon-style is-style-rounded\">\n<figure class=\"aligncenter size-large\"><img decoding=\"async\" loading=\"lazy\" width=\"72\" height=\"72\" src=\"https:\/\/sandstrahltechnik-dortmund.de\/wp-content\/uploads\/2020\/01\/neve-webdesign-GB-04.png\" alt=\"\" class=\"wp-image-21\"\/><\/figure><\/div>\n\n\n<div style=\"height:20px\" aria-hidden=\"true\" class=\"wp-block-spacer\"><\/div>\n\n\n\n<h3 class=\"wp-block-heading has-text-align-center has-neve-text-color-color has-text-color\">Qualit\u00e4t und Leistung<\/h3>\n\n\n\n<p class=\"has-text-align-center\">Egal ob privat oder Industrie, wir verl\u00e4ngern die Lebensdauer aller Oberfl\u00e4chen!<\/p>\n\n\n\n<div style=\"height:20px\" aria-hidden=\"true\" class=\"wp-block-spacer\"><\/div>\n<\/div>\n\n\n\n<div class=\"wp-block-column is-vertically-aligned-top is-layout-flow wp-block-column-is-layout-flow\"><div class=\"wp-block-image icon-style is-style-rounded\">\n<figure class=\"aligncenter size-large\"><img decoding=\"async\" loading=\"lazy\" width=\"72\" height=\"72\" src=\"https:\/\/sandstrahltechnik-dortmund.de\/wp-content\/uploads\/2020\/01\/neve-webdesign-GB-01.png\" alt=\"\" class=\"wp-image-18\"\/><\/figure><\/div>\n\n\n<div style=\"height:20px\" aria-hidden=\"true\" class=\"wp-block-spacer\"><\/div>\n\n\n\n<h3 class=\"wp-block-heading has-text-align-center has-neve-text-color-color has-text-color\">Kurze Bearbeitungszeit<\/h3>\n\n\n\n<p class=\"has-text-align-center\">Z\u00f6gern sie nicht l\u00e4nger und gewinnen Sie Zeit und Lebensdauer Ihrer Oberfl\u00e4chen.<\/p>\n\n\n\n<div style=\"height:20px\" aria-hidden=\"true\" class=\"wp-block-spacer\"><\/div>\n<\/div>\n<\/div>\n\n\n\n<div class=\"wp-block-cover alignfull\" style=\"min-height:584px\"><span aria-hidden=\"true\" class=\"wp-block-cover__background has-nv-light-bg-background-color has-background-dim-100 has-background-dim\"><\/span><div class=\"wp-block-cover__inner-container is-layout-flow wp-block-cover-is-layout-flow\">\n<div class=\"wp-block-group is-layout-flow wp-block-group-is-layout-flow\"><div class=\"wp-block-group__inner-container\">\n<div class=\"wp-block-columns are-vertically-aligned-center is-layout-flex wp-container-10 wp-block-columns-is-layout-flex\">\n<div class=\"wp-block-column is-vertically-aligned-center is-layout-flow wp-block-column-is-layout-flow\" style=\"flex-basis:50%\"><div class=\"wp-block-image\">\n<figure class=\"alignleft size-large is-resized\"><img decoding=\"async\" loading=\"lazy\" src=\"https:\/\/sandstrahltechnik-dortmund.de\/wp-content\/uploads\/2023\/09\/Sandstrahlen_Dortmund_Logo-1-1024x842.png\" alt=\"\" class=\"wp-image-423\" style=\"width:495px;height:371px\" width=\"495\" height=\"371\"\/><\/figure><\/div><\/div>\n\n\n\n<div class=\"wp-block-column is-vertically-aligned-center is-layout-flow wp-block-column-is-layout-flow\" style=\"flex-basis:50%\">\n<div style=\"height:20px\" aria-hidden=\"true\" class=\"wp-block-spacer\"><\/div>\n\n\n\n<h2 class=\"wp-block-heading has-text-align-left has-neve-text-color-color has-text-color\">Das sind wir:<\/h2>\n\n\n\n<p class=\"has-text-align-left has-neve-text-color-color has-text-color\" style=\"font-size:18px\">Bei Sandstrahlen-Dortmund restaurieren wir nicht nur Oberfl\u00e4chen; Wir pflegen Beziehungen. Wir erbringen nicht einfach nur eine Dienstleistung; Wir erschaffen ein Erlebnis. Ihre Zufriedenheit ist unser ultimativer Ma\u00dfstab f\u00fcr Erfolg und wir f\u00fchlen uns geehrt, Sie mit Leidenschaft, Hingabe und einer Philosophie zu betreuen. Das beweisen \u00fcber 40 Jahre Tradition!<\/p>\n\n\n\n<div class=\"wp-block-buttons is-horizontal is-content-justification-left is-layout-flex wp-container-8 wp-block-buttons-is-layout-flex\">\n<div class=\"wp-block-button is-style-primary\"><a class=\"wp-block-button__link wp-element-button\" href=\"https:\/\/sandstrahltechnik-dortmund.de\/?page_id=61\">MEHR ERFAHREN<\/a><\/div>\n<\/div>\n<\/div>\n<\/div>\n\n\n\n<div style=\"height:40px\" aria-hidden=\"true\" class=\"wp-block-spacer\"><\/div>\n<\/div><\/div>\n<\/div><\/div>\n\n\n\n<div class=\"wp-block-cover alignfull\" style=\"min-height:786px\"><span aria-hidden=\"true\" class=\"wp-block-cover__background has-nv-site-bg-background-color has-background-dim-100 has-background-dim\"><\/span><div class=\"wp-block-cover__inner-container is-layout-flow wp-block-cover-is-layout-flow\">\n<div class=\"wp-block-group is-layout-flow wp-block-group-is-layout-flow\"><div class=\"wp-block-group__inner-container\">\n<div style=\"height:80px\" aria-hidden=\"true\" class=\"wp-block-spacer\"><\/div>\n\n\n\n<div class=\"wp-block-columns are-vertically-aligned-center is-layout-flex wp-container-15 wp-block-columns-is-layout-flex\">\n<div class=\"wp-block-column is-vertically-aligned-center is-layout-flow wp-block-column-is-layout-flow\" style=\"flex-basis:50%\">\n<h2 class=\"wp-block-heading has-text-align-left has-neve-text-color-color has-text-color\">Sandstrahlservice:<\/h2>\n\n\n\n<p class=\"has-text-align-left has-neve-text-color-color has-text-color\" style=\"font-size:18px\">Wir verf\u00fcgen \u00fcber 40 Jahre Erfahrung in verschiedenen Bereichen der Sandstrahltechnik f\u00fcr gewerbliche, aber auch f\u00fcr private Kunden. Durch fachbezogene Schulungen, sind wir stets auf dem neusten Stand der Sandstrahltechnik.<\/p>\n\n\n\n<div style=\"height:40px\" aria-hidden=\"true\" class=\"wp-block-spacer\"><\/div>\n<\/div>\n\n\n\n<div class=\"wp-block-column is-vertically-aligned-center is-layout-flow wp-block-column-is-layout-flow\" style=\"flex-basis:50%\">\n<figure class=\"wp-block-image size-full\"><img decoding=\"async\" loading=\"lazy\" width=\"768\" height=\"1024\" src=\"https:\/\/sandstrahltechnik-dortmund.de\/wp-content\/uploads\/2023\/09\/07-768x1024-1.jpg\" alt=\"\" class=\"wp-image-438\" srcset=\"https:\/\/sandstrahltechnik-dortmund.de\/wp-content\/uploads\/2023\/09\/07-768x1024-1.jpg 768w, https:\/\/sandstrahltechnik-dortmund.de\/wp-content\/uploads\/2023\/09\/07-768x1024-1-225x300.jpg 225w\" sizes=\"(max-width: 768px) 100vw, 768px\" \/><\/figure>\n<\/div>\n<\/div>\n\n\n\n<div style=\"height:0px\" aria-hidden=\"true\" class=\"wp-block-spacer\"><\/div>\n<\/div><\/div>\n<\/div><\/div>\n\n\n\n<div class=\"wp-block-cover alignfull\" style=\"min-height:835px\"><span aria-hidden=\"true\" class=\"wp-block-cover__background has-nv-dark-bg-background-color has-background-dim-100 has-background-dim\"><\/span><div class=\"wp-block-cover__inner-container is-layout-flow wp-block-cover-is-layout-flow\">\n<div class=\"wp-block-group is-layout-flow wp-block-group-is-layout-flow\"><div class=\"wp-block-group__inner-container\">\n<div style=\"height:80px\" aria-hidden=\"true\" class=\"wp-block-spacer\"><\/div>\n\n\n\n<div class=\"wp-block-columns is-layout-flex wp-container-20 wp-block-columns-is-layout-flex\">\n<div class=\"wp-block-column is-vertically-aligned-top is-layout-flow wp-block-column-is-layout-flow\" style=\"flex-basis:50%\">\n<figure class=\"wp-block-image size-full is-resized\"><img decoding=\"async\" loading=\"lazy\" src=\"https:\/\/sandstrahltechnik-dortmund.de\/wp-content\/uploads\/2023\/09\/Industrial2BCoating2BPaint2BInnovators.jpg\" alt=\"\" class=\"wp-image-424\" style=\"width:505px;height:336px\" width=\"505\" height=\"336\" srcset=\"https:\/\/sandstrahltechnik-dortmund.de\/wp-content\/uploads\/2023\/09\/Industrial2BCoating2BPaint2BInnovators.jpg 999w, https:\/\/sandstrahltechnik-dortmund.de\/wp-content\/uploads\/2023\/09\/Industrial2BCoating2BPaint2BInnovators-300x200.jpg 300w, https:\/\/sandstrahltechnik-dortmund.de\/wp-content\/uploads\/2023\/09\/Industrial2BCoating2BPaint2BInnovators-768x511.jpg 768w, https:\/\/sandstrahltechnik-dortmund.de\/wp-content\/uploads\/2023\/09\/Industrial2BCoating2BPaint2BInnovators-930x620.jpg 930w\" sizes=\"(max-width: 505px) 100vw, 505px\" \/><\/figure>\n<\/div>\n\n\n\n<div class=\"wp-block-column is-vertically-aligned-center is-layout-flow wp-block-column-is-layout-flow\" style=\"flex-basis:50%\">\n<h2 class=\"wp-block-heading has-text-align-left has-nv-text-dark-bg-color has-text-color\">Beschichtungsservice<\/h2>\n\n\n\n<p class=\"has-text-align-left has-nv-text-dark-bg-color has-text-color\" style=\"font-size:17px\">Unser Beschichtungsservice ist der ultimative Schutz f\u00fcr Ihre Oberfl\u00e4chen. Nach sorgf\u00e4ltigem Sandstrahlen zur Wiederherstellung und Grundierung Ihrer Materialien kommen unsere Premium-Beschichtungen zum Einsatz, um die Lebensdauer Ihrer Oberfl\u00e4chen zu verl\u00e4ngern. Sie bilden eine Schutzbarriere gegen Korrosion, Verschlei\u00df und Witterungseinfl\u00fcsse und sorgen daf\u00fcr, dass Ihre Oberfl\u00e4chen l\u00e4nger makellos bleiben. Mit unseren Beschichtungen werden Haltbarkeit und Langlebigkeit nie beeintr\u00e4chtigt.<\/p>\n\n\n\n<div style=\"height:40px\" aria-hidden=\"true\" class=\"wp-block-spacer\"><\/div>\n<\/div>\n<\/div>\n\n\n\n<div style=\"height:50px\" aria-hidden=\"true\" class=\"wp-block-spacer\"><\/div>\n<\/div><\/div>\n<\/div><\/div>\n\n\n\n<div class=\"wp-block-cover alignfull\" style=\"min-height:865px\"><span aria-hidden=\"true\" class=\"wp-block-cover__background has-nv-site-bg-background-color has-background-dim-100 has-background-dim\"><\/span><div class=\"wp-block-cover__inner-container is-layout-flow wp-block-cover-is-layout-flow\">\n<div class=\"wp-block-group is-layout-flow wp-block-group-is-layout-flow\"><div class=\"wp-block-group__inner-container\">\n<div style=\"height:0px\" aria-hidden=\"true\" class=\"wp-block-spacer\"><\/div>\n\n\n\n<div style=\"height:0px\" aria-hidden=\"true\" class=\"wp-block-spacer\"><\/div>\n\n\n\n<h2 class=\"wp-block-heading has-text-align-left has-neve-text-color-color has-text-color\">Projekte:<\/h2>\n\n\n\n<div class=\"wp-block-columns are-vertically-aligned-center is-layout-flex wp-container-25 wp-block-columns-is-layout-flex\">\n<div class=\"wp-block-column is-vertically-aligned-center is-layout-flow wp-block-column-is-layout-flow\" style=\"flex-basis:50%\">\n<figure class=\"wp-block-image size-full is-resized\"><img decoding=\"async\" loading=\"lazy\" src=\"https:\/\/sandstrahltechnik-dortmund.de\/wp-content\/uploads\/2023\/09\/04-768x576-2.jpg\" alt=\"\" class=\"wp-image-420\" style=\"width:506px;height:380px\" width=\"506\" height=\"380\" srcset=\"https:\/\/sandstrahltechnik-dortmund.de\/wp-content\/uploads\/2023\/09\/04-768x576-2.jpg 768w, https:\/\/sandstrahltechnik-dortmund.de\/wp-content\/uploads\/2023\/09\/04-768x576-2-300x225.jpg 300w\" sizes=\"(max-width: 506px) 100vw, 506px\" \/><\/figure>\n<\/div>\n\n\n\n<div class=\"wp-block-column is-vertically-aligned-center is-layout-flow wp-block-column-is-layout-flow\" style=\"flex-basis:50%\">\n<figure class=\"wp-block-image size-full is-resized\"><img decoding=\"async\" loading=\"lazy\" src=\"https:\/\/sandstrahltechnik-dortmund.de\/wp-content\/uploads\/2023\/09\/Header-1.jpg\" alt=\"\" class=\"wp-image-421\" style=\"width:512px;height:381px\" width=\"512\" height=\"381\"\/><\/figure>\n<\/div>\n<\/div>\n\n\n\n<p class=\"has-nv-dark-bg-color has-text-color\" style=\"font-size:35px\">                    <strong>Vorher                                         Nachher<\/strong><\/p>\n\n\n<style type=\"text\/css\">.otter-masonry .blocks-gallery-grid .blocks-gallery-item img{ width:100% }<\/style><div class=\"otter-masonry\" data-margin=\"10\">\n<figure class=\"wp-block-gallery has-nested-images columns-default is-cropped wp-block-gallery-26 is-layout-flex wp-block-gallery-is-layout-flex\">\n<figure class=\"wp-block-image size-large\"><img decoding=\"async\" loading=\"lazy\" width=\"768\" height=\"576\" src=\"https:\/\/sandstrahltechnik-dortmund.de\/wp-content\/uploads\/2023\/09\/Fliesen.jpg\" alt=\"\" class=\"wp-image-440\" srcset=\"https:\/\/sandstrahltechnik-dortmund.de\/wp-content\/uploads\/2023\/09\/Fliesen.jpg 768w, https:\/\/sandstrahltechnik-dortmund.de\/wp-content\/uploads\/2023\/09\/Fliesen-300x225.jpg 300w\" sizes=\"(max-width: 768px) 100vw, 768px\" \/><\/figure>\n<\/figure>\n<\/div>\n\n\n<div style=\"height:0px\" aria-hidden=\"true\" class=\"wp-block-spacer\"><\/div>\n<\/div><\/div>\n<\/div><\/div>\n\n\n<style type=\"text\/css\">.otter-masonry .blocks-gallery-grid .blocks-gallery-item img{ width:100% }<\/style><div class=\"otter-masonry\" data-margin=\"10\">\n<figure class=\"wp-block-gallery has-nested-images columns-default is-cropped wp-block-gallery-30 is-layout-flex wp-block-gallery-is-layout-flex\">\n<figure class=\"wp-block-image size-large\"><img decoding=\"async\" loading=\"lazy\" width=\"776\" height=\"1024\" data-id=\"457\" src=\"https:\/\/sandstrahltechnik-dortmund.de\/wp-content\/uploads\/2023\/09\/598307fd-e719-4100-a72d-0a5363b27e98-776x1024.jpg\" alt=\"\" class=\"wp-image-457\" srcset=\"https:\/\/sandstrahltechnik-dortmund.de\/wp-content\/uploads\/2023\/09\/598307fd-e719-4100-a72d-0a5363b27e98-776x1024.jpg 776w, https:\/\/sandstrahltechnik-dortmund.de\/wp-content\/uploads\/2023\/09\/598307fd-e719-4100-a72d-0a5363b27e98-227x300.jpg 227w, https:\/\/sandstrahltechnik-dortmund.de\/wp-content\/uploads\/2023\/09\/598307fd-e719-4100-a72d-0a5363b27e98-768x1014.jpg 768w, https:\/\/sandstrahltechnik-dortmund.de\/wp-content\/uploads\/2023\/09\/598307fd-e719-4100-a72d-0a5363b27e98.jpg 1080w\" sizes=\"(max-width: 776px) 100vw, 776px\" \/><\/figure>\n\n\n\n<figure class=\"wp-block-image size-large\"><img decoding=\"async\" loading=\"lazy\" width=\"605\" height=\"1024\" data-id=\"456\" src=\"https:\/\/sandstrahltechnik-dortmund.de\/wp-content\/uploads\/2023\/09\/11d47073-0eb3-424d-98ef-fbd82cf3a686-605x1024.jpg\" alt=\"\" class=\"wp-image-456\" srcset=\"https:\/\/sandstrahltechnik-dortmund.de\/wp-content\/uploads\/2023\/09\/11d47073-0eb3-424d-98ef-fbd82cf3a686-605x1024.jpg 605w, https:\/\/sandstrahltechnik-dortmund.de\/wp-content\/uploads\/2023\/09\/11d47073-0eb3-424d-98ef-fbd82cf3a686-177x300.jpg 177w, https:\/\/sandstrahltechnik-dortmund.de\/wp-content\/uploads\/2023\/09\/11d47073-0eb3-424d-98ef-fbd82cf3a686-768x1299.jpg 768w, https:\/\/sandstrahltechnik-dortmund.de\/wp-content\/uploads\/2023\/09\/11d47073-0eb3-424d-98ef-fbd82cf3a686-908x1536.jpg 908w, https:\/\/sandstrahltechnik-dortmund.de\/wp-content\/uploads\/2023\/09\/11d47073-0eb3-424d-98ef-fbd82cf3a686.jpg 961w\" sizes=\"(max-width: 605px) 100vw, 605px\" \/><\/figure>\n<\/figure>\n<\/div>\n\n\n<div class=\"wp-block-cover alignfull\" style=\"min-height:513px\"><span aria-hidden=\"true\" class=\"wp-block-cover__background has-nv-dark-bg-background-color has-background-dim-100 has-background-dim\"><\/span><div class=\"wp-block-cover__inner-container is-layout-flow wp-block-cover-is-layout-flow\">\n<h2 class=\"wp-block-heading alignfull has-text-align-center has-nv-text-dark-bg-color has-text-color\">Erhalten Sie eine kostenlose Beratung<\/h2>\n\n\n\n<p class=\"has-text-align-center\" style=\"font-size:18px\">Vereinbaren Sie noch heute einen kostenlosen Besichtigungstermin, um eine Beurteilung zu bekommen oder Ihre spezifischen Anforderungen zu besprechen!<\/p>\n\n\n\n<div class=\"wp-block-buttons is-horizontal is-content-justification-center is-layout-flex wp-container-32 wp-block-buttons-is-layout-flex\">\n<div class=\"wp-block-button is-style-primary\"><a class=\"wp-block-button__link wp-element-button\" href=\"https:\/\/sandstrahltechnik-dortmund.de\/?page_id=75\">KONTAKT<\/a><\/div>\n<\/div>\n\n\n\n<div style=\"height:140px\" aria-hidden=\"true\" class=\"wp-block-spacer\"><\/div>\n<\/div><\/div>\n","protected":false},"excerpt":{"rendered":"<p>Angebot innerhalb 24H Sie erhalten nach einer kostenlosen Besichtigung vor Ort innerhalb von 24 Stunden garantiert von uns ein Angebot. Qualit\u00e4t und Leistung Egal ob privat oder Industrie, wir verl\u00e4ngern&hellip;&nbsp;<a href=\"https:\/\/sandstrahltechnik-dortmund.de\/\" rel=\"bookmark\">Weiterlesen &raquo;<span class=\"screen-reader-text\">Sandstrahltechnik Dortmund<\/span><\/a><\/p>\n","protected":false},"author":1,"featured_media":0,"parent":0,"menu_order":0,"comment_status":"closed","ping_status":"closed","template":"","meta":{"neve_meta_sidebar":"default","neve_meta_container":"default","neve_meta_enable_content_width":"on","neve_meta_content_width":100,"neve_meta_title_alignment":"","neve_meta_author_avatar":"","neve_post_elements_order":"","neve_meta_disable_header":"off","neve_meta_disable_footer":"off","neve_meta_disable_title":"on","_themeisle_gutenberg_block_has_review":false,"footnotes":""},"_links":{"self":[{"href":"https:\/\/sandstrahltechnik-dortmund.de\/index.php?rest_route=\/wp\/v2\/pages\/308"}],"collection":[{"href":"https:\/\/sandstrahltechnik-dortmund.de\/index.php?rest_route=\/wp\/v2\/pages"}],"about":[{"href":"https:\/\/sandstrahltechnik-dortmund.de\/index.php?rest_route=\/wp\/v2\/types\/page"}],"author":[{"embeddable":true,"href":"https:\/\/sandstrahltechnik-dortmund.de\/index.php?rest_route=\/wp\/v2\/users\/1"}],"replies":[{"embeddable":true,"href":"https:\/\/sandstrahltechnik-dortmund.de\/index.php?rest_route=%2Fwp%2Fv2%2Fcomments&post=308"}],"version-history":[{"count":13,"href":"https:\/\/sandstrahltechnik-dortmund.de\/index.php?rest_route=\/wp\/v2\/pages\/308\/revisions"}],"predecessor-version":[{"id":465,"href":"https:\/\/sandstrahltechnik-dortmund.de\/index.php?rest_route=\/wp\/v2\/pages\/308\/revisions\/465"}],"wp:attachment":[{"href":"https:\/\/sandstrahltechnik-dortmund.de\/index.php?rest_route=%2Fwp%2Fv2%2Fmedia&parent=308"}],"curies":[{"name":"wp","href":"https:\/\/api.w.org\/{rel}","templated":true}]}}