{"id":61,"date":"2020-01-23T18:21:52","date_gmt":"2020-01-23T18:21:52","guid":{"rendered":"https:\/\/demosites.io\/web-agency-gb\/?page_id=61"},"modified":"2023-09-20T11:48:10","modified_gmt":"2023-09-20T11:48:10","slug":"sandstrahlen-dortmund-ueber-uns","status":"publish","type":"page","link":"https:\/\/sandstrahltechnik-dortmund.de\/?page_id=61","title":{"rendered":"\u00dcber uns"},"content":{"rendered":"\n<div class=\"wp-block-cover alignfull\" style=\"min-height:600px\"><span aria-hidden=\"true\" class=\"wp-block-cover__background has-nv-light-bg-background-color has-background-dim-100 has-background-dim\"><\/span><div class=\"wp-block-cover__inner-container is-layout-flow wp-block-cover-is-layout-flow\">\n<div class=\"wp-block-group is-layout-flow wp-block-group-is-layout-flow\"><div class=\"wp-block-group__inner-container\">\n<div style=\"height:80px\" aria-hidden=\"true\" class=\"wp-block-spacer\"><\/div>\n\n\n\n<div class=\"wp-block-columns are-vertically-aligned-center has-neve-text-color-color has-text-color is-layout-flex wp-container-5 wp-block-columns-is-layout-flex\">\n<div class=\"wp-block-column is-vertically-aligned-center is-layout-flow wp-block-column-is-layout-flow\" style=\"flex-basis:50%\">\n<figure class=\"wp-block-gallery has-nested-images columns-default is-cropped wp-block-gallery-1 is-layout-flex wp-block-gallery-is-layout-flex\">\n<figure class=\"wp-block-image size-full is-style-default\"><img decoding=\"async\" loading=\"lazy\" width=\"480\" height=\"480\" src=\"https:\/\/sandstrahltechnik-dortmund.de\/wp-content\/uploads\/2023\/09\/Ueber-uns.jpg\" alt=\"\" class=\"wp-image-391\" srcset=\"https:\/\/sandstrahltechnik-dortmund.de\/wp-content\/uploads\/2023\/09\/Ueber-uns.jpg 480w, https:\/\/sandstrahltechnik-dortmund.de\/wp-content\/uploads\/2023\/09\/Ueber-uns-300x300.jpg 300w, https:\/\/sandstrahltechnik-dortmund.de\/wp-content\/uploads\/2023\/09\/Ueber-uns-150x150.jpg 150w\" sizes=\"(max-width: 480px) 100vw, 480px\" \/><\/figure>\n<\/figure>\n<\/div>\n\n\n\n<div class=\"wp-block-column is-vertically-aligned-center is-layout-flow wp-block-column-is-layout-flow\" style=\"flex-basis:50%\">\n<h2 class=\"wp-block-heading has-neve-text-color-color has-text-color\">Unsere Dienstleistungen<\/h2>\n\n\n\n<ol>\n<li>Sandstrahlen ohne Chemikalien:<br>Nutzen Sie eine sauberere, umweltfreundlichere Alternative. Unser chemiefreies Sandstrahlverfahren revitalisiert Oberfl\u00e4chen sanft und dennoch effektiv ohne sch\u00e4dliche Chemikalien. Wir widmen uns nachhaltigen L\u00f6sungen, die die Sch\u00f6nheit wiederherstellen, ohne die Umwelt zu gef\u00e4hrden.<\/li>\n\n\n\n<li>Rost entfernen:<br>Rost hat keine Chance. Unsere Pr\u00e4zisionstechniken zur Rostentfernung hauchen Ihren Materialien neues Leben ein, bewahren ihre Integrit\u00e4t und stellen sicher, dass sie den Test der Zeit bestehen.<\/li>\n\n\n\n<li>Lackentfernung:<br>Entdecken Sie das wahre Wesen Ihrer Oberfl\u00e4chen. Unsere sorgf\u00e4ltigen Farbentfernungsdienste bringen die verborgene Sch\u00f6nheit darunter zum Vorschein und bereiten die B\u00fchne f\u00fcr einen Neuanfang.<\/li>\n\n\n\n<li>Denkmalpflege:<br>Die Geschichte verdient es, bewahrt zu werden. Wir sind auf die heikle Kunst der Denkmalpflege spezialisiert und sorgen daf\u00fcr, dass die Vergangenheit auch f\u00fcr kommende Generationen lebendig bleibt.<\/li>\n\n\n\n<li>Glasperlenstrahlen:<br>Pr\u00e4zision trifft auf Finesse. Unsere Glasperlenstrahltechnik verleiht empfindlichen Oberfl\u00e4chen eine sanfte Note und hinterl\u00e4sst ein glattes, poliertes Finish, das die \u00c4sthetik und Haltbarkeit verbessert.<\/li>\n<\/ol>\n<\/div>\n<\/div>\n\n\n\n<div style=\"height:40px\" aria-hidden=\"true\" class=\"wp-block-spacer\"><\/div>\n<\/div><\/div>\n<\/div><\/div>\n\n\n\n<div class=\"wp-block-cover alignfull\" style=\"min-height:600px\"><span aria-hidden=\"true\" class=\"wp-block-cover__background has-nv-dark-bg-background-color has-background-dim-100 has-background-dim\"><\/span><div class=\"wp-block-cover__inner-container is-layout-flow wp-block-cover-is-layout-flow\">\n<div class=\"wp-block-group is-layout-flow wp-block-group-is-layout-flow\"><div class=\"wp-block-group__inner-container\">\n<div style=\"height:80px\" aria-hidden=\"true\" class=\"wp-block-spacer\"><\/div>\n\n\n\n<div class=\"wp-block-columns are-vertically-aligned-center is-layout-flex wp-container-10 wp-block-columns-is-layout-flex\">\n<div class=\"wp-block-column is-vertically-aligned-center is-layout-flow wp-block-column-is-layout-flow\" style=\"flex-basis:50%\">\n<h2 class=\"wp-block-heading has-nv-text-dark-bg-color has-text-color\">Das zeichnet uns aus<\/h2>\n\n\n\n<ol>\n<li>Kundenorientierte Exzellenz: Sie, unser gesch\u00e4tzter Kunde, stehen im Mittelpunkt unseres Handelns. Ihre Bed\u00fcrfnisse, Erwartungen und Fristen pr\u00e4gen unseren Ansatz und treiben uns an, unsere Dienstleistungen kontinuierlich weiterzuentwickeln und zeitnahe, professionelle L\u00f6sungen zu liefern.<\/li>\n\n\n\n<li>Unerbittliches Streben nach Verbesserung: Wir geben uns nicht mit dem Status quo zufrieden. Wir widmen uns dem unerm\u00fcdlichen Streben nach Perfektion. Das bedeutet, an der Spitze der Brancheninnovationen zu bleiben, unsere Techniken zu verfeinern und stets Ergebnisse h\u00f6chster Qualit\u00e4t zu gew\u00e4hrleisten.<\/li>\n\n\n\n<li>Schnelligkeit und Pr\u00e4zision: Zeit ist kostbar und wir respektieren Ihre Zeit. Unser Engagement f\u00fcr schnelle Abwicklungen ohne Kompromisse bei der Pr\u00e4zision ist unersch\u00fctterlich. Ihre Fristen sind unsere Fristen und unser Ziel ist es, Ihre Erwartungen zu \u00fcbertreffen.<\/li>\n\n\n\n<li>Transparente Partnerschaften: Der Aufbau von Vertrauen ist von gr\u00f6\u00dfter Bedeutung. Wir glauben an eine transparente, offene Kommunikation mit unseren Kunden. Sie k\u00f6nnen sich darauf verlassen, dass wir bei jedem Schritt klar, ehrlich und fair handeln.<\/li>\n<\/ol>\n\n\n\n<div style=\"height:20px\" aria-hidden=\"true\" class=\"wp-block-spacer\"><\/div>\n\n\n\n<div style=\"height:20px\" aria-hidden=\"true\" class=\"wp-block-spacer\"><\/div>\n<\/div>\n\n\n\n<div class=\"wp-block-column is-vertically-aligned-center is-layout-flow wp-block-column-is-layout-flow\" style=\"flex-basis:50%\">\n<figure class=\"wp-block-image size-full\"><img decoding=\"async\" loading=\"lazy\" width=\"768\" height=\"576\" src=\"https:\/\/sandstrahltechnik-dortmund.de\/wp-content\/uploads\/2023\/09\/04-768x576-1.jpg\" alt=\"\" class=\"wp-image-392\" srcset=\"https:\/\/sandstrahltechnik-dortmund.de\/wp-content\/uploads\/2023\/09\/04-768x576-1.jpg 768w, https:\/\/sandstrahltechnik-dortmund.de\/wp-content\/uploads\/2023\/09\/04-768x576-1-300x225.jpg 300w\" sizes=\"(max-width: 768px) 100vw, 768px\" \/><\/figure>\n<\/div>\n<\/div>\n\n\n\n<div style=\"height:40px\" aria-hidden=\"true\" class=\"wp-block-spacer\"><\/div>\n<\/div><\/div>\n<\/div><\/div>\n\n\n\n<div class=\"wp-block-cover alignfull\" style=\"min-height:420px\"><span aria-hidden=\"true\" class=\"wp-block-cover__background has-nv-site-bg-background-color has-background-dim-100 has-background-dim\"><\/span><div class=\"wp-block-cover__inner-container is-layout-flow wp-block-cover-is-layout-flow\">\n<div style=\"height:80px\" aria-hidden=\"true\" class=\"wp-block-spacer\"><\/div>\n\n\n\n<div class=\"wp-block-columns is-layout-flex wp-container-16 wp-block-columns-is-layout-flex\">\n<div class=\"wp-block-column ticss-4ce656f1 is-layout-flow wp-block-column-is-layout-flow\">\n<figure class=\"wp-block-image size-large icon-style is-style-rounded\"><img decoding=\"async\" loading=\"lazy\" width=\"72\" height=\"72\" src=\"https:\/\/sandstrahltechnik-dortmund.de\/wp-content\/uploads\/2020\/01\/neve-webdesign-GB-03.png\" alt=\"\" class=\"wp-image-20\"\/><\/figure>\n\n\n\n<div style=\"height:24px\" aria-hidden=\"true\" class=\"wp-block-spacer\"><\/div>\n\n\n\n<h3 class=\"wp-block-heading has-text-align-left has-text-align-center has-neve-text-color-color has-text-color\">Hoch qualifiziert<\/h3>\n\n\n\n<p class=\"has-text-align-left has-neve-text-color-color has-text-color\" style=\"font-size:15px\">Umfangreiches Fachwissen, unabh\u00e4ngig von der Oberfl\u00e4che.<\/p>\n\n\n\n<div style=\"height:20px\" aria-hidden=\"true\" class=\"wp-block-spacer\"><\/div>\n<\/div>\n\n\n\n<div class=\"wp-block-column ticss-f6fc7494 is-layout-flow wp-block-column-is-layout-flow\">\n<figure class=\"wp-block-image size-large icon-style is-style-rounded\"><img decoding=\"async\" loading=\"lazy\" width=\"72\" height=\"72\" src=\"https:\/\/sandstrahltechnik-dortmund.de\/wp-content\/uploads\/2020\/01\/neve-webdesign-GB-03.png\" alt=\"\" class=\"wp-image-20\"\/><\/figure>\n\n\n\n<div style=\"height:24px\" aria-hidden=\"true\" class=\"wp-block-spacer\"><\/div>\n\n\n\n<h3 class=\"wp-block-heading has-text-align-left has-text-align-center has-neve-text-color-color has-text-color\">Mit gro\u00dfem Engagement<\/h3>\n\n\n\n<p class=\"has-text-align-left has-neve-text-color-color has-text-color\" style=\"font-size:15px\">Egal wie hoch oder tief, wir sind f\u00fcr Sie da wo Sie uns brauchen!<\/p>\n\n\n\n<div style=\"height:20px\" aria-hidden=\"true\" class=\"wp-block-spacer\"><\/div>\n<\/div>\n\n\n\n<div class=\"wp-block-column ticss-a5b4df29 is-layout-flow wp-block-column-is-layout-flow\">\n<figure class=\"wp-block-image size-large icon-style is-style-rounded\"><img decoding=\"async\" loading=\"lazy\" width=\"72\" height=\"72\" src=\"https:\/\/sandstrahltechnik-dortmund.de\/wp-content\/uploads\/2020\/01\/neve-webdesign-GB-03.png\" alt=\"\" class=\"wp-image-20\"\/><\/figure>\n\n\n\n<div style=\"height:24px\" aria-hidden=\"true\" class=\"wp-block-spacer\"><\/div>\n\n\n\n<h3 class=\"wp-block-heading has-text-align-left has-text-align-center has-neve-text-color-color has-text-color\">Zeit effizient<\/h3>\n\n\n\n<p class=\"has-text-align-left has-neve-text-color-color has-text-color\" style=\"font-size:15px\">Anfrage. Beratung. Durchf\u00fchrung. Wir garantieren k\u00fcrzeste Bearbeitungszeit!<\/p>\n\n\n\n<div style=\"height:20px\" aria-hidden=\"true\" class=\"wp-block-spacer\"><\/div>\n<\/div>\n<\/div>\n\n\n\n<div style=\"height:30px\" aria-hidden=\"true\" class=\"wp-block-spacer\"><\/div>\n<\/div><\/div>\n","protected":false},"excerpt":{"rendered":"","protected":false},"author":1,"featured_media":0,"parent":0,"menu_order":0,"comment_status":"closed","ping_status":"closed","template":"","meta":{"neve_meta_sidebar":"default","neve_meta_container":"default","neve_meta_enable_content_width":"on","neve_meta_content_width":100,"neve_meta_title_alignment":"","neve_meta_author_avatar":"","neve_post_elements_order":"","neve_meta_disable_header":"","neve_meta_disable_footer":"","neve_meta_disable_title":"on","_themeisle_gutenberg_block_has_review":false,"footnotes":""},"_links":{"self":[{"href":"https:\/\/sandstrahltechnik-dortmund.de\/index.php?rest_route=\/wp\/v2\/pages\/61"}],"collection":[{"href":"https:\/\/sandstrahltechnik-dortmund.de\/index.php?rest_route=\/wp\/v2\/pages"}],"about":[{"href":"https:\/\/sandstrahltechnik-dortmund.de\/index.php?rest_route=\/wp\/v2\/types\/page"}],"author":[{"embeddable":true,"href":"https:\/\/sandstrahltechnik-dortmund.de\/index.php?rest_route=\/wp\/v2\/users\/1"}],"replies":[{"embeddable":true,"href":"https:\/\/sandstrahltechnik-dortmund.de\/index.php?rest_route=%2Fwp%2Fv2%2Fcomments&post=61"}],"version-history":[{"count":5,"href":"https:\/\/sandstrahltechnik-dortmund.de\/index.php?rest_route=\/wp\/v2\/pages\/61\/revisions"}],"predecessor-version":[{"id":451,"href":"https:\/\/sandstrahltechnik-dortmund.de\/index.php?rest_route=\/wp\/v2\/pages\/61\/revisions\/451"}],"wp:attachment":[{"href":"https:\/\/sandstrahltechnik-dortmund.de\/index.php?rest_route=%2Fwp%2Fv2%2Fmedia&parent=61"}],"curies":[{"name":"wp","href":"https:\/\/api.w.org\/{rel}","templated":true}]}}